{"id":8129,"date":"2023-05-08T17:12:24","date_gmt":"2023-05-08T08:12:24","guid":{"rendered":"https:\/\/jerusalemmother.com\/about\/"},"modified":"2025-11-18T11:46:10","modified_gmt":"2025-11-18T02:46:10","slug":"about","status":"publish","type":"page","link":"https:\/\/jerusalemmother.com\/pt\/about\/","title":{"rendered":"Sobre Deus M\u00e3e"},"content":{"rendered":"","protected":false},"excerpt":{"rendered":"","protected":false},"author":4,"featured_media":8130,"parent":0,"menu_order":0,"comment_status":"closed","ping_status":"closed","template":"","meta":{"footnotes":""},"tags":[],"class_list":["post-8129","page","type-page","status-publish","has-post-thumbnail","hentry"],"yoast_head":"<!-- This site is optimized with the Yoast SEO plugin v25.7 - https:\/\/yoast.com\/wordpress\/plugins\/seo\/ -->\n<title>Sobre Deus M\u00e3e - Deus M\u00e3e<\/title>\n<meta name=\"description\" content=\"A B\u00edblia testifica do princ\u00edpio ao fim,n\u00e3o apenas sobre Deus Pai mas tamb\u00e9m sobre Deus M\u00e3e.\" \/>\n<meta name=\"robots\" content=\"index, follow, max-snippet:-1, max-image-preview:large, max-video-preview:-1\" \/>\n<link rel=\"canonical\" href=\"https:\/\/jerusalemmother.com\/pt\/about\/\" \/>\n<meta property=\"og:locale\" content=\"pt_PT\" \/>\n<meta property=\"og:type\" content=\"article\" \/>\n<meta property=\"og:title\" content=\"Sobre Deus M\u00e3e - Deus M\u00e3e\" \/>\n<meta property=\"og:description\" content=\"A B\u00edblia testifica do princ\u00edpio ao fim,n\u00e3o apenas sobre Deus Pai mas tamb\u00e9m sobre Deus M\u00e3e.\" \/>\n<meta property=\"og:url\" content=\"https:\/\/jerusalemmother.com\/pt\/about\/\" \/>\n<meta property=\"og:site_name\" content=\"Deus M\u00e3e\" \/>\n<meta property=\"article:modified_time\" content=\"2025-11-18T02:46:10+00:00\" \/>\n<meta property=\"og:image\" content=\"https:\/\/jerusalemmother.com\/wp-content\/uploads\/2023\/06\/open_graph_about_godthemother.jpg\" \/>\n\t<meta property=\"og:image:width\" content=\"1200\" \/>\n\t<meta property=\"og:image:height\" content=\"630\" \/>\n\t<meta property=\"og:image:type\" content=\"image\/jpeg\" \/>\n<meta name=\"twitter:card\" content=\"summary_large_image\" \/>\n<meta name=\"twitter:label1\" content=\"Est. reading time\" \/>\n\t<meta name=\"twitter:data1\" content=\"1 minute\" \/>\n<script type=\"application\/ld+json\" class=\"yoast-schema-graph\">{\"@context\":\"https:\/\/schema.org\",\"@graph\":[{\"@type\":\"WebPage\",\"@id\":\"https:\/\/jerusalemmother.com\/pt\/about\/\",\"url\":\"https:\/\/jerusalemmother.com\/pt\/about\/\",\"name\":\"Sobre Deus M\u00e3e - Deus M\u00e3e\",\"isPartOf\":{\"@id\":\"https:\/\/jerusalemmother.com\/pt\/#website\"},\"primaryImageOfPage\":{\"@id\":\"https:\/\/jerusalemmother.com\/pt\/about\/#primaryimage\"},\"image\":{\"@id\":\"https:\/\/jerusalemmother.com\/pt\/about\/#primaryimage\"},\"thumbnailUrl\":\"https:\/\/jerusalemmother.com\/wp-content\/uploads\/2023\/06\/open_graph_about_godthemother.jpg\",\"datePublished\":\"2023-05-08T08:12:24+00:00\",\"dateModified\":\"2025-11-18T02:46:10+00:00\",\"description\":\"A B\u00edblia testifica do princ\u00edpio ao fim,n\u00e3o apenas sobre Deus Pai mas tamb\u00e9m sobre Deus M\u00e3e.\",\"inLanguage\":\"pt\",\"potentialAction\":[{\"@type\":\"ReadAction\",\"target\":[\"https:\/\/jerusalemmother.com\/pt\/about\/\"]}]},{\"@type\":\"ImageObject\",\"inLanguage\":\"pt\",\"@id\":\"https:\/\/jerusalemmother.com\/pt\/about\/#primaryimage\",\"url\":\"https:\/\/jerusalemmother.com\/wp-content\/uploads\/2023\/06\/open_graph_about_godthemother.jpg\",\"contentUrl\":\"https:\/\/jerusalemmother.com\/wp-content\/uploads\/2023\/06\/open_graph_about_godthemother.jpg\",\"width\":1200,\"height\":630},{\"@type\":\"WebSite\",\"@id\":\"https:\/\/jerusalemmother.com\/pt\/#website\",\"url\":\"https:\/\/jerusalemmother.com\/pt\/\",\"name\":\"Deus M\u00e3e\",\"description\":\"\ub2e4\ub978 \uc6cc\ub4dc\ud504\ub798\uc2a4 \uc0ac\uc774\ud2b8\",\"potentialAction\":[{\"@type\":\"SearchAction\",\"target\":{\"@type\":\"EntryPoint\",\"urlTemplate\":\"https:\/\/jerusalemmother.com\/pt\/?s={search_term_string}\"},\"query-input\":{\"@type\":\"PropertyValueSpecification\",\"valueRequired\":true,\"valueName\":\"search_term_string\"}}],\"inLanguage\":\"pt\"}]}<\/script>\n<!-- \/ Yoast SEO plugin. -->","yoast_head_json":{"title":"Sobre Deus M\u00e3e - Deus M\u00e3e","description":"A B\u00edblia testifica do princ\u00edpio ao fim,n\u00e3o apenas sobre Deus Pai mas tamb\u00e9m sobre Deus M\u00e3e.","robots":{"index":"index","follow":"follow","max-snippet":"max-snippet:-1","max-image-preview":"max-image-preview:large","max-video-preview":"max-video-preview:-1"},"canonical":"https:\/\/jerusalemmother.com\/pt\/about\/","og_locale":"pt_PT","og_type":"article","og_title":"Sobre Deus M\u00e3e - Deus M\u00e3e","og_description":"A B\u00edblia testifica do princ\u00edpio ao fim,n\u00e3o apenas sobre Deus Pai mas tamb\u00e9m sobre Deus M\u00e3e.","og_url":"https:\/\/jerusalemmother.com\/pt\/about\/","og_site_name":"Deus M\u00e3e","article_modified_time":"2025-11-18T02:46:10+00:00","og_image":[{"width":1200,"height":630,"url":"https:\/\/jerusalemmother.com\/wp-content\/uploads\/2023\/06\/open_graph_about_godthemother.jpg","type":"image\/jpeg"}],"twitter_card":"summary_large_image","twitter_misc":{"Est. reading time":"1 minute"},"schema":{"@context":"https:\/\/schema.org","@graph":[{"@type":"WebPage","@id":"https:\/\/jerusalemmother.com\/pt\/about\/","url":"https:\/\/jerusalemmother.com\/pt\/about\/","name":"Sobre Deus M\u00e3e - Deus M\u00e3e","isPartOf":{"@id":"https:\/\/jerusalemmother.com\/pt\/#website"},"primaryImageOfPage":{"@id":"https:\/\/jerusalemmother.com\/pt\/about\/#primaryimage"},"image":{"@id":"https:\/\/jerusalemmother.com\/pt\/about\/#primaryimage"},"thumbnailUrl":"https:\/\/jerusalemmother.com\/wp-content\/uploads\/2023\/06\/open_graph_about_godthemother.jpg","datePublished":"2023-05-08T08:12:24+00:00","dateModified":"2025-11-18T02:46:10+00:00","description":"A B\u00edblia testifica do princ\u00edpio ao fim,n\u00e3o apenas sobre Deus Pai mas tamb\u00e9m sobre Deus M\u00e3e.","inLanguage":"pt","potentialAction":[{"@type":"ReadAction","target":["https:\/\/jerusalemmother.com\/pt\/about\/"]}]},{"@type":"ImageObject","inLanguage":"pt","@id":"https:\/\/jerusalemmother.com\/pt\/about\/#primaryimage","url":"https:\/\/jerusalemmother.com\/wp-content\/uploads\/2023\/06\/open_graph_about_godthemother.jpg","contentUrl":"https:\/\/jerusalemmother.com\/wp-content\/uploads\/2023\/06\/open_graph_about_godthemother.jpg","width":1200,"height":630},{"@type":"WebSite","@id":"https:\/\/jerusalemmother.com\/pt\/#website","url":"https:\/\/jerusalemmother.com\/pt\/","name":"Deus M\u00e3e","description":"\ub2e4\ub978 \uc6cc\ub4dc\ud504\ub798\uc2a4 \uc0ac\uc774\ud2b8","potentialAction":[{"@type":"SearchAction","target":{"@type":"EntryPoint","urlTemplate":"https:\/\/jerusalemmother.com\/pt\/?s={search_term_string}"},"query-input":{"@type":"PropertyValueSpecification","valueRequired":true,"valueName":"search_term_string"}}],"inLanguage":"pt"}]}},"_links":{"self":[{"href":"https:\/\/jerusalemmother.com\/pt\/wp-json\/wp\/v2\/pages\/8129","targetHints":{"allow":["GET"]}}],"collection":[{"href":"https:\/\/jerusalemmother.com\/pt\/wp-json\/wp\/v2\/pages"}],"about":[{"href":"https:\/\/jerusalemmother.com\/pt\/wp-json\/wp\/v2\/types\/page"}],"author":[{"embeddable":true,"href":"https:\/\/jerusalemmother.com\/pt\/wp-json\/wp\/v2\/users\/4"}],"replies":[{"embeddable":true,"href":"https:\/\/jerusalemmother.com\/pt\/wp-json\/wp\/v2\/comments?post=8129"}],"version-history":[{"count":2,"href":"https:\/\/jerusalemmother.com\/pt\/wp-json\/wp\/v2\/pages\/8129\/revisions"}],"predecessor-version":[{"id":11345,"href":"https:\/\/jerusalemmother.com\/pt\/wp-json\/wp\/v2\/pages\/8129\/revisions\/11345"}],"wp:featuredmedia":[{"embeddable":true,"href":"https:\/\/jerusalemmother.com\/pt\/wp-json\/wp\/v2\/media\/8130"}],"wp:attachment":[{"href":"https:\/\/jerusalemmother.com\/pt\/wp-json\/wp\/v2\/media?parent=8129"}],"wp:term":[{"taxonomy":"post_tag","embeddable":true,"href":"https:\/\/jerusalemmother.com\/pt\/wp-json\/wp\/v2\/tags?post=8129"}],"curies":[{"name":"wp","href":"https:\/\/api.w.org\/{rel}","templated":true}]}}