{"id":8053,"date":"2021-02-07T14:41:11","date_gmt":"2021-02-07T05:41:11","guid":{"rendered":"https:\/\/jerusalemmother.com\/home\/"},"modified":"2025-11-27T16:55:10","modified_gmt":"2025-11-27T07:55:10","slug":"home","status":"publish","type":"page","link":"https:\/\/jerusalemmother.com\/cs\/","title":{"rendered":"Boha Matky"},"content":{"rendered":"","protected":false},"excerpt":{"rendered":"","protected":false},"author":4,"featured_media":8416,"parent":0,"menu_order":0,"comment_status":"closed","ping_status":"closed","template":"","meta":{"footnotes":""},"tags":[],"class_list":["post-8053","page","type-page","status-publish","has-post-thumbnail","hentry"],"yoast_head":"<!-- This site is optimized with the Yoast SEO plugin v25.7 - https:\/\/yoast.com\/wordpress\/plugins\/seo\/ -->\n<title>Ofici\u00e1ln\u00ed str\u00e1nky Boha Matky<\/title>\n<meta name=\"description\" content=\"Od prvn\u00ed Moj\u017e\u00ed\u0161ovi a\u017e po Zjeven\u00ed Janovo n\u00e1m Bible \u0159\u00edk\u00e1 o Bohu Matce.\" \/>\n<meta name=\"robots\" content=\"index, follow, max-snippet:-1, max-image-preview:large, max-video-preview:-1\" \/>\n<link rel=\"canonical\" href=\"https:\/\/jerusalemmother.com\/cs\/\" \/>\n<meta property=\"og:locale\" content=\"cs_CZ\" \/>\n<meta property=\"og:type\" content=\"article\" \/>\n<meta property=\"og:title\" content=\"Ofici\u00e1ln\u00ed str\u00e1nky Boha Matky\" \/>\n<meta property=\"og:description\" content=\"Od prvn\u00ed Moj\u017e\u00ed\u0161ovi a\u017e po Zjeven\u00ed Janovo n\u00e1m Bible \u0159\u00edk\u00e1 o Bohu Matce.\" \/>\n<meta property=\"og:url\" content=\"https:\/\/jerusalemmother.com\/cs\/\" \/>\n<meta property=\"og:site_name\" content=\"B\u016fh Matka\" \/>\n<meta property=\"article:modified_time\" content=\"2025-11-27T07:55:10+00:00\" \/>\n<meta property=\"og:image\" content=\"https:\/\/jerusalemmother.com\/wp-content\/uploads\/2025\/10\/open_graph_godthemother_cs.jpg\" \/>\n\t<meta property=\"og:image:width\" content=\"1200\" \/>\n\t<meta property=\"og:image:height\" content=\"630\" \/>\n\t<meta property=\"og:image:type\" content=\"image\/jpeg\" \/>\n<meta name=\"twitter:card\" content=\"summary_large_image\" \/>\n<meta name=\"twitter:label1\" content=\"Est. reading time\" \/>\n\t<meta name=\"twitter:data1\" content=\"1 minute\" \/>\n<script type=\"application\/ld+json\" class=\"yoast-schema-graph\">{\"@context\":\"https:\/\/schema.org\",\"@graph\":[{\"@type\":\"WebPage\",\"@id\":\"https:\/\/jerusalemmother.com\/cs\/\",\"url\":\"https:\/\/jerusalemmother.com\/cs\/\",\"name\":\"Ofici\u00e1ln\u00ed str\u00e1nky Boha Matky\",\"isPartOf\":{\"@id\":\"https:\/\/jerusalemmother.com\/cs\/#website\"},\"primaryImageOfPage\":{\"@id\":\"https:\/\/jerusalemmother.com\/cs\/#primaryimage\"},\"image\":{\"@id\":\"https:\/\/jerusalemmother.com\/cs\/#primaryimage\"},\"thumbnailUrl\":\"https:\/\/jerusalemmother.com\/wp-content\/uploads\/2025\/10\/open_graph_godthemother_cs.jpg\",\"datePublished\":\"2021-02-07T05:41:11+00:00\",\"dateModified\":\"2025-11-27T07:55:10+00:00\",\"description\":\"Od prvn\u00ed Moj\u017e\u00ed\u0161ovi a\u017e po Zjeven\u00ed Janovo n\u00e1m Bible \u0159\u00edk\u00e1 o Bohu Matce.\",\"inLanguage\":\"cs-CZ\",\"potentialAction\":[{\"@type\":\"ReadAction\",\"target\":[\"https:\/\/jerusalemmother.com\/cs\/\"]}]},{\"@type\":\"ImageObject\",\"inLanguage\":\"cs-CZ\",\"@id\":\"https:\/\/jerusalemmother.com\/cs\/#primaryimage\",\"url\":\"https:\/\/jerusalemmother.com\/wp-content\/uploads\/2025\/10\/open_graph_godthemother_cs.jpg\",\"contentUrl\":\"https:\/\/jerusalemmother.com\/wp-content\/uploads\/2025\/10\/open_graph_godthemother_cs.jpg\",\"width\":1200,\"height\":630},{\"@type\":\"WebSite\",\"@id\":\"https:\/\/jerusalemmother.com\/cs\/#website\",\"url\":\"https:\/\/jerusalemmother.com\/cs\/\",\"name\":\"B\u016fh Matka\",\"description\":\"Meet God the Mother, the source of love and eternal life.\",\"potentialAction\":[{\"@type\":\"SearchAction\",\"target\":{\"@type\":\"EntryPoint\",\"urlTemplate\":\"https:\/\/jerusalemmother.com\/cs\/?s={search_term_string}\"},\"query-input\":{\"@type\":\"PropertyValueSpecification\",\"valueRequired\":true,\"valueName\":\"search_term_string\"}}],\"inLanguage\":\"cs-CZ\"}]}<\/script>\n<!-- \/ Yoast SEO plugin. -->","yoast_head_json":{"title":"Ofici\u00e1ln\u00ed str\u00e1nky Boha Matky","description":"Od prvn\u00ed Moj\u017e\u00ed\u0161ovi a\u017e po Zjeven\u00ed Janovo n\u00e1m Bible \u0159\u00edk\u00e1 o Bohu Matce.","robots":{"index":"index","follow":"follow","max-snippet":"max-snippet:-1","max-image-preview":"max-image-preview:large","max-video-preview":"max-video-preview:-1"},"canonical":"https:\/\/jerusalemmother.com\/cs\/","og_locale":"cs_CZ","og_type":"article","og_title":"Ofici\u00e1ln\u00ed str\u00e1nky Boha Matky","og_description":"Od prvn\u00ed Moj\u017e\u00ed\u0161ovi a\u017e po Zjeven\u00ed Janovo n\u00e1m Bible \u0159\u00edk\u00e1 o Bohu Matce.","og_url":"https:\/\/jerusalemmother.com\/cs\/","og_site_name":"B\u016fh Matka","article_modified_time":"2025-11-27T07:55:10+00:00","og_image":[{"width":1200,"height":630,"url":"https:\/\/jerusalemmother.com\/wp-content\/uploads\/2025\/10\/open_graph_godthemother_cs.jpg","type":"image\/jpeg"}],"twitter_card":"summary_large_image","twitter_misc":{"Est. reading time":"1 minute"},"schema":{"@context":"https:\/\/schema.org","@graph":[{"@type":"WebPage","@id":"https:\/\/jerusalemmother.com\/cs\/","url":"https:\/\/jerusalemmother.com\/cs\/","name":"Ofici\u00e1ln\u00ed str\u00e1nky Boha Matky","isPartOf":{"@id":"https:\/\/jerusalemmother.com\/cs\/#website"},"primaryImageOfPage":{"@id":"https:\/\/jerusalemmother.com\/cs\/#primaryimage"},"image":{"@id":"https:\/\/jerusalemmother.com\/cs\/#primaryimage"},"thumbnailUrl":"https:\/\/jerusalemmother.com\/wp-content\/uploads\/2025\/10\/open_graph_godthemother_cs.jpg","datePublished":"2021-02-07T05:41:11+00:00","dateModified":"2025-11-27T07:55:10+00:00","description":"Od prvn\u00ed Moj\u017e\u00ed\u0161ovi a\u017e po Zjeven\u00ed Janovo n\u00e1m Bible \u0159\u00edk\u00e1 o Bohu Matce.","inLanguage":"cs-CZ","potentialAction":[{"@type":"ReadAction","target":["https:\/\/jerusalemmother.com\/cs\/"]}]},{"@type":"ImageObject","inLanguage":"cs-CZ","@id":"https:\/\/jerusalemmother.com\/cs\/#primaryimage","url":"https:\/\/jerusalemmother.com\/wp-content\/uploads\/2025\/10\/open_graph_godthemother_cs.jpg","contentUrl":"https:\/\/jerusalemmother.com\/wp-content\/uploads\/2025\/10\/open_graph_godthemother_cs.jpg","width":1200,"height":630},{"@type":"WebSite","@id":"https:\/\/jerusalemmother.com\/cs\/#website","url":"https:\/\/jerusalemmother.com\/cs\/","name":"B\u016fh Matka","description":"Meet God the Mother, the source of love and eternal life.","potentialAction":[{"@type":"SearchAction","target":{"@type":"EntryPoint","urlTemplate":"https:\/\/jerusalemmother.com\/cs\/?s={search_term_string}"},"query-input":{"@type":"PropertyValueSpecification","valueRequired":true,"valueName":"search_term_string"}}],"inLanguage":"cs-CZ"}]}},"_links":{"self":[{"href":"https:\/\/jerusalemmother.com\/cs\/wp-json\/wp\/v2\/pages\/8053","targetHints":{"allow":["GET"]}}],"collection":[{"href":"https:\/\/jerusalemmother.com\/cs\/wp-json\/wp\/v2\/pages"}],"about":[{"href":"https:\/\/jerusalemmother.com\/cs\/wp-json\/wp\/v2\/types\/page"}],"author":[{"embeddable":true,"href":"https:\/\/jerusalemmother.com\/cs\/wp-json\/wp\/v2\/users\/4"}],"replies":[{"embeddable":true,"href":"https:\/\/jerusalemmother.com\/cs\/wp-json\/wp\/v2\/comments?post=8053"}],"version-history":[{"count":1,"href":"https:\/\/jerusalemmother.com\/cs\/wp-json\/wp\/v2\/pages\/8053\/revisions"}],"predecessor-version":[{"id":8362,"href":"https:\/\/jerusalemmother.com\/cs\/wp-json\/wp\/v2\/pages\/8053\/revisions\/8362"}],"wp:featuredmedia":[{"embeddable":true,"href":"https:\/\/jerusalemmother.com\/cs\/wp-json\/wp\/v2\/media\/8416"}],"wp:attachment":[{"href":"https:\/\/jerusalemmother.com\/cs\/wp-json\/wp\/v2\/media?parent=8053"}],"wp:term":[{"taxonomy":"post_tag","embeddable":true,"href":"https:\/\/jerusalemmother.com\/cs\/wp-json\/wp\/v2\/tags?post=8053"}],"curies":[{"name":"wp","href":"https:\/\/api.w.org\/{rel}","templated":true}]}}