{"id":8051,"date":"2023-05-08T13:34:25","date_gmt":"2023-05-08T04:34:25","guid":{"rendered":"https:\/\/jerusalemmother.com\/global-bible-seminar\/"},"modified":"2025-11-28T17:31:46","modified_gmt":"2025-11-28T08:31:46","slug":"global-bible-seminar","status":"publish","type":"page","link":"https:\/\/jerusalemmother.com\/cs\/global-bible-seminar\/","title":{"rendered":"Mezin\u00e1rodn\u00ed biblick\u00fd semin\u00e1\u0159"},"content":{"rendered":"","protected":false},"excerpt":{"rendered":"","protected":false},"author":4,"featured_media":8052,"parent":0,"menu_order":0,"comment_status":"closed","ping_status":"closed","template":"","meta":{"footnotes":""},"tags":[],"class_list":["post-8051","page","type-page","status-publish","has-post-thumbnail","hentry"],"yoast_head":"<!-- This site is optimized with the Yoast SEO plugin v25.7 - https:\/\/yoast.com\/wordpress\/plugins\/seo\/ -->\n<title>Mezin\u00e1rodn\u00ed biblick\u00fd semin\u00e1\u0159 - B\u016fh Matka<\/title>\n<meta name=\"description\" content=\"Na Mezin\u00e1rodn\u00edm biblick\u00e9m semin\u00e1\u0159i m\u016f\u017eete vid\u011bt Boha Matku objasn\u011bnou z r\u016fzn\u00fdch akademick\u00fdch perspektiv odborn\u00edky z r\u016fzn\u00fdch zem\u00ed.\" \/>\n<meta name=\"robots\" content=\"index, follow, max-snippet:-1, max-image-preview:large, max-video-preview:-1\" \/>\n<link rel=\"canonical\" href=\"https:\/\/jerusalemmother.com\/cs\/global-bible-seminar\/\" \/>\n<meta property=\"og:locale\" content=\"cs_CZ\" \/>\n<meta property=\"og:type\" content=\"article\" \/>\n<meta property=\"og:title\" content=\"Mezin\u00e1rodn\u00ed biblick\u00fd semin\u00e1\u0159 - B\u016fh Matka\" \/>\n<meta property=\"og:description\" content=\"Na Mezin\u00e1rodn\u00edm biblick\u00e9m semin\u00e1\u0159i m\u016f\u017eete vid\u011bt Boha Matku objasn\u011bnou z r\u016fzn\u00fdch akademick\u00fdch perspektiv odborn\u00edky z r\u016fzn\u00fdch zem\u00ed.\" \/>\n<meta property=\"og:url\" content=\"https:\/\/jerusalemmother.com\/cs\/global-bible-seminar\/\" \/>\n<meta property=\"og:site_name\" content=\"B\u016fh Matka\" \/>\n<meta property=\"article:modified_time\" content=\"2025-11-28T08:31:46+00:00\" \/>\n<meta property=\"og:image\" content=\"https:\/\/jerusalemmother.com\/wp-content\/uploads\/2023\/06\/open_graph_bibleseminar.jpg\" \/>\n\t<meta property=\"og:image:width\" content=\"1200\" \/>\n\t<meta property=\"og:image:height\" content=\"630\" \/>\n\t<meta property=\"og:image:type\" content=\"image\/jpeg\" \/>\n<meta name=\"twitter:card\" content=\"summary_large_image\" \/>\n<meta name=\"twitter:label1\" content=\"Est. reading time\" \/>\n\t<meta name=\"twitter:data1\" content=\"1 minute\" \/>\n<script type=\"application\/ld+json\" class=\"yoast-schema-graph\">{\"@context\":\"https:\/\/schema.org\",\"@graph\":[{\"@type\":\"WebPage\",\"@id\":\"https:\/\/jerusalemmother.com\/cs\/global-bible-seminar\/\",\"url\":\"https:\/\/jerusalemmother.com\/cs\/global-bible-seminar\/\",\"name\":\"Mezin\u00e1rodn\u00ed biblick\u00fd semin\u00e1\u0159 - B\u016fh Matka\",\"isPartOf\":{\"@id\":\"https:\/\/jerusalemmother.com\/cs\/#website\"},\"primaryImageOfPage\":{\"@id\":\"https:\/\/jerusalemmother.com\/cs\/global-bible-seminar\/#primaryimage\"},\"image\":{\"@id\":\"https:\/\/jerusalemmother.com\/cs\/global-bible-seminar\/#primaryimage\"},\"thumbnailUrl\":\"https:\/\/jerusalemmother.com\/wp-content\/uploads\/2023\/06\/open_graph_bibleseminar.jpg\",\"datePublished\":\"2023-05-08T04:34:25+00:00\",\"dateModified\":\"2025-11-28T08:31:46+00:00\",\"description\":\"Na Mezin\u00e1rodn\u00edm biblick\u00e9m semin\u00e1\u0159i m\u016f\u017eete vid\u011bt Boha Matku objasn\u011bnou z r\u016fzn\u00fdch akademick\u00fdch perspektiv odborn\u00edky z r\u016fzn\u00fdch zem\u00ed.\",\"inLanguage\":\"cs-CZ\",\"potentialAction\":[{\"@type\":\"ReadAction\",\"target\":[\"https:\/\/jerusalemmother.com\/cs\/global-bible-seminar\/\"]}]},{\"@type\":\"ImageObject\",\"inLanguage\":\"cs-CZ\",\"@id\":\"https:\/\/jerusalemmother.com\/cs\/global-bible-seminar\/#primaryimage\",\"url\":\"https:\/\/jerusalemmother.com\/wp-content\/uploads\/2023\/06\/open_graph_bibleseminar.jpg\",\"contentUrl\":\"https:\/\/jerusalemmother.com\/wp-content\/uploads\/2023\/06\/open_graph_bibleseminar.jpg\",\"width\":1200,\"height\":630},{\"@type\":\"WebSite\",\"@id\":\"https:\/\/jerusalemmother.com\/cs\/#website\",\"url\":\"https:\/\/jerusalemmother.com\/cs\/\",\"name\":\"B\u016fh Matka\",\"description\":\"Meet God the Mother, the source of love and eternal life.\",\"potentialAction\":[{\"@type\":\"SearchAction\",\"target\":{\"@type\":\"EntryPoint\",\"urlTemplate\":\"https:\/\/jerusalemmother.com\/cs\/?s={search_term_string}\"},\"query-input\":{\"@type\":\"PropertyValueSpecification\",\"valueRequired\":true,\"valueName\":\"search_term_string\"}}],\"inLanguage\":\"cs-CZ\"}]}<\/script>\n<!-- \/ Yoast SEO plugin. -->","yoast_head_json":{"title":"Mezin\u00e1rodn\u00ed biblick\u00fd semin\u00e1\u0159 - B\u016fh Matka","description":"Na Mezin\u00e1rodn\u00edm biblick\u00e9m semin\u00e1\u0159i m\u016f\u017eete vid\u011bt Boha Matku objasn\u011bnou z r\u016fzn\u00fdch akademick\u00fdch perspektiv odborn\u00edky z r\u016fzn\u00fdch zem\u00ed.","robots":{"index":"index","follow":"follow","max-snippet":"max-snippet:-1","max-image-preview":"max-image-preview:large","max-video-preview":"max-video-preview:-1"},"canonical":"https:\/\/jerusalemmother.com\/cs\/global-bible-seminar\/","og_locale":"cs_CZ","og_type":"article","og_title":"Mezin\u00e1rodn\u00ed biblick\u00fd semin\u00e1\u0159 - B\u016fh Matka","og_description":"Na Mezin\u00e1rodn\u00edm biblick\u00e9m semin\u00e1\u0159i m\u016f\u017eete vid\u011bt Boha Matku objasn\u011bnou z r\u016fzn\u00fdch akademick\u00fdch perspektiv odborn\u00edky z r\u016fzn\u00fdch zem\u00ed.","og_url":"https:\/\/jerusalemmother.com\/cs\/global-bible-seminar\/","og_site_name":"B\u016fh Matka","article_modified_time":"2025-11-28T08:31:46+00:00","og_image":[{"width":1200,"height":630,"url":"https:\/\/jerusalemmother.com\/wp-content\/uploads\/2023\/06\/open_graph_bibleseminar.jpg","type":"image\/jpeg"}],"twitter_card":"summary_large_image","twitter_misc":{"Est. reading time":"1 minute"},"schema":{"@context":"https:\/\/schema.org","@graph":[{"@type":"WebPage","@id":"https:\/\/jerusalemmother.com\/cs\/global-bible-seminar\/","url":"https:\/\/jerusalemmother.com\/cs\/global-bible-seminar\/","name":"Mezin\u00e1rodn\u00ed biblick\u00fd semin\u00e1\u0159 - B\u016fh Matka","isPartOf":{"@id":"https:\/\/jerusalemmother.com\/cs\/#website"},"primaryImageOfPage":{"@id":"https:\/\/jerusalemmother.com\/cs\/global-bible-seminar\/#primaryimage"},"image":{"@id":"https:\/\/jerusalemmother.com\/cs\/global-bible-seminar\/#primaryimage"},"thumbnailUrl":"https:\/\/jerusalemmother.com\/wp-content\/uploads\/2023\/06\/open_graph_bibleseminar.jpg","datePublished":"2023-05-08T04:34:25+00:00","dateModified":"2025-11-28T08:31:46+00:00","description":"Na Mezin\u00e1rodn\u00edm biblick\u00e9m semin\u00e1\u0159i m\u016f\u017eete vid\u011bt Boha Matku objasn\u011bnou z r\u016fzn\u00fdch akademick\u00fdch perspektiv odborn\u00edky z r\u016fzn\u00fdch zem\u00ed.","inLanguage":"cs-CZ","potentialAction":[{"@type":"ReadAction","target":["https:\/\/jerusalemmother.com\/cs\/global-bible-seminar\/"]}]},{"@type":"ImageObject","inLanguage":"cs-CZ","@id":"https:\/\/jerusalemmother.com\/cs\/global-bible-seminar\/#primaryimage","url":"https:\/\/jerusalemmother.com\/wp-content\/uploads\/2023\/06\/open_graph_bibleseminar.jpg","contentUrl":"https:\/\/jerusalemmother.com\/wp-content\/uploads\/2023\/06\/open_graph_bibleseminar.jpg","width":1200,"height":630},{"@type":"WebSite","@id":"https:\/\/jerusalemmother.com\/cs\/#website","url":"https:\/\/jerusalemmother.com\/cs\/","name":"B\u016fh Matka","description":"Meet God the Mother, the source of love and eternal life.","potentialAction":[{"@type":"SearchAction","target":{"@type":"EntryPoint","urlTemplate":"https:\/\/jerusalemmother.com\/cs\/?s={search_term_string}"},"query-input":{"@type":"PropertyValueSpecification","valueRequired":true,"valueName":"search_term_string"}}],"inLanguage":"cs-CZ"}]}},"_links":{"self":[{"href":"https:\/\/jerusalemmother.com\/cs\/wp-json\/wp\/v2\/pages\/8051","targetHints":{"allow":["GET"]}}],"collection":[{"href":"https:\/\/jerusalemmother.com\/cs\/wp-json\/wp\/v2\/pages"}],"about":[{"href":"https:\/\/jerusalemmother.com\/cs\/wp-json\/wp\/v2\/types\/page"}],"author":[{"embeddable":true,"href":"https:\/\/jerusalemmother.com\/cs\/wp-json\/wp\/v2\/users\/4"}],"replies":[{"embeddable":true,"href":"https:\/\/jerusalemmother.com\/cs\/wp-json\/wp\/v2\/comments?post=8051"}],"version-history":[{"count":1,"href":"https:\/\/jerusalemmother.com\/cs\/wp-json\/wp\/v2\/pages\/8051\/revisions"}],"predecessor-version":[{"id":11210,"href":"https:\/\/jerusalemmother.com\/cs\/wp-json\/wp\/v2\/pages\/8051\/revisions\/11210"}],"wp:featuredmedia":[{"embeddable":true,"href":"https:\/\/jerusalemmother.com\/cs\/wp-json\/wp\/v2\/media\/8052"}],"wp:attachment":[{"href":"https:\/\/jerusalemmother.com\/cs\/wp-json\/wp\/v2\/media?parent=8051"}],"wp:term":[{"taxonomy":"post_tag","embeddable":true,"href":"https:\/\/jerusalemmother.com\/cs\/wp-json\/wp\/v2\/tags?post=8051"}],"curies":[{"name":"wp","href":"https:\/\/api.w.org\/{rel}","templated":true}]}}